{"id":195,"date":"2024-09-03T18:10:40","date_gmt":"2024-09-03T18:10:40","guid":{"rendered":"https:\/\/keepcompany.design-impacts.com\/?page_id=195"},"modified":"2024-11-12T06:46:39","modified_gmt":"2024-11-12T06:46:39","slug":"about","status":"publish","type":"page","link":"https:\/\/www.keepcompany.fr\/fr\/about\/","title":{"rendered":"A propos"},"content":{"rendered":"<div data-elementor-type=\"wp-page\" data-elementor-id=\"195\" class=\"elementor elementor-195\">\n\t\t\t\t<div class=\"elementor-element elementor-element-e0a4598 e-flex e-con-boxed wpr-particle-no wpr-jarallax-no wpr-parallax-no wpr-sticky-section-no e-con e-parent\" data-id=\"e0a4598\" data-element_type=\"container\" data-settings=\"{&quot;background_background&quot;:&quot;classic&quot;}\">\n\t\t\t\t\t<div class=\"e-con-inner\">\n\t\t<div class=\"elementor-element elementor-element-3fba3f9 e-con-full e-flex wpr-particle-no wpr-jarallax-no wpr-parallax-no wpr-sticky-section-no e-con e-child\" data-id=\"3fba3f9\" data-element_type=\"container\">\n\t\t<div class=\"elementor-element elementor-element-e5bafb4 e-con-full e-flex wpr-particle-no wpr-jarallax-no wpr-parallax-no wpr-sticky-section-no e-con e-child\" data-id=\"e5bafb4\" data-element_type=\"container\">\n\t\t\t\t<div class=\"elementor-element elementor-element-e469f47 elementor-widget__width-initial elementor-widget elementor-widget-heading\" data-id=\"e469f47\" data-element_type=\"widget\" data-widget_type=\"heading.default\">\n\t\t\t\t<div class=\"elementor-widget-container\">\n\t\t\t<h1 class=\"elementor-heading-title elementor-size-default\">keep company c'est ABBY     <\/h1>\t\t<\/div>\n\t\t\t\t<\/div>\n\t\t\t\t<div class=\"elementor-element elementor-element-1e600c3 elementor-widget elementor-widget-softlite_image\" data-id=\"1e600c3\" data-element_type=\"widget\" data-widget_type=\"softlite_image.default\">\n\t\t\t\t<div class=\"elementor-widget-container\">\n\t\t\t\t\t\t\t\t<div class=\"elementor-image\">\n\t\t\t\t\t\t\t\t\t\t\t\t\t\t\t\t\t<img decoding=\"async\" data-src=\"https:\/\/cdn.prod.website-files.com\/61f04083cbd4a44554bd16cd\/61f97922638df336afccc3a3_about-aby.jpg\" src=\"data:image\/gif;base64,R0lGODlhAQABAAAAACH5BAEKAAEALAAAAAABAAEAAAICTAEAOw==\" class=\"lazyload\"><noscript><img decoding=\"async\" src=\"https:\/\/cdn.prod.website-files.com\/61f04083cbd4a44554bd16cd\/61f97922638df336afccc3a3_about-aby.jpg\"><\/noscript>\n\t\t\t\t\t\t\t\t\t\t\t\t\t\t\t\t\t\t<\/div>\n\t\t\t\t\t\t<\/div>\n\t\t\t\t<\/div>\n\t\t\t\t<\/div>\n\t\t<div class=\"elementor-element elementor-element-a0b68ab e-con-full e-flex wpr-particle-no wpr-jarallax-no wpr-parallax-no wpr-sticky-section-no e-con e-child\" data-id=\"a0b68ab\" data-element_type=\"container\">\n\t\t\t\t<div class=\"elementor-element elementor-element-ca43f6e elementor-widget__width-initial elementor-widget elementor-widget-heading\" data-id=\"ca43f6e\" data-element_type=\"widget\" data-widget_type=\"heading.default\">\n\t\t\t\t<div class=\"elementor-widget-container\">\n\t\t\t<h1 class=\"elementor-heading-title elementor-size-default\">luca <\/h1>\t\t<\/div>\n\t\t\t\t<\/div>\n\t\t\t\t<div class=\"elementor-element elementor-element-68a0920 elementor-widget elementor-widget-softlite_image\" data-id=\"68a0920\" data-element_type=\"widget\" data-widget_type=\"softlite_image.default\">\n\t\t\t\t<div class=\"elementor-widget-container\">\n\t\t\t\t\t\t\t\t<div class=\"elementor-image\">\n\t\t\t\t\t\t\t\t\t\t\t\t\t\t\t\t\t<img decoding=\"async\" data-src=\"https:\/\/cdn.prod.website-files.com\/61f04083cbd4a44554bd16cd\/61f9792305eb673dddbc0a50_about-luca-2.jpg\" src=\"data:image\/gif;base64,R0lGODlhAQABAAAAACH5BAEKAAEALAAAAAABAAEAAAICTAEAOw==\" class=\"lazyload\"><noscript><img decoding=\"async\" src=\"https:\/\/cdn.prod.website-files.com\/61f04083cbd4a44554bd16cd\/61f9792305eb673dddbc0a50_about-luca-2.jpg\"><\/noscript>\n\t\t\t\t\t\t\t\t\t\t\t\t\t\t\t\t\t\t<\/div>\n\t\t\t\t\t\t<\/div>\n\t\t\t\t<\/div>\n\t\t\t\t<div class=\"elementor-element elementor-element-9f8db27 elementor-widget__width-initial elementor-widget elementor-widget-heading\" data-id=\"9f8db27\" data-element_type=\"widget\" data-widget_type=\"heading.default\">\n\t\t\t\t<div class=\"elementor-widget-container\">\n\t\t\t<h1 class=\"elementor-heading-title elementor-size-default\">&amp; Alo\u00efs <\/h1>\t\t<\/div>\n\t\t\t\t<\/div>\n\t\t\t\t<div class=\"elementor-element elementor-element-a60802a elementor-widget elementor-widget-softlite_image\" data-id=\"a60802a\" data-element_type=\"widget\" data-widget_type=\"softlite_image.default\">\n\t\t\t\t<div class=\"elementor-widget-container\">\n\t\t\t\t\t\t\t\t<div class=\"elementor-image\">\n\t\t\t\t\t\t\t\t\t\t\t\t\t\t\t\t\t<img decoding=\"async\" data-src=\"https:\/\/cdn.prod.website-files.com\/61f04083cbd4a44554bd16cd\/62154214bd20dc3bb086ce23_alois%20about.jpg\" src=\"data:image\/gif;base64,R0lGODlhAQABAAAAACH5BAEKAAEALAAAAAABAAEAAAICTAEAOw==\" class=\"lazyload\"><noscript><img decoding=\"async\" src=\"https:\/\/cdn.prod.website-files.com\/61f04083cbd4a44554bd16cd\/62154214bd20dc3bb086ce23_alois%20about.jpg\"><\/noscript>\n\t\t\t\t\t\t\t\t\t\t\t\t\t\t\t\t\t\t<\/div>\n\t\t\t\t\t\t<\/div>\n\t\t\t\t<\/div>\n\t\t\t\t<\/div>\n\t\t\t\t<\/div>\n\t\t\t\t\t<\/div>\n\t\t\t\t<\/div>\n\t\t<div class=\"elementor-element elementor-element-889893f e-con-full e-flex wpr-particle-no wpr-jarallax-no wpr-parallax-no wpr-sticky-section-no e-con e-parent\" data-id=\"889893f\" data-element_type=\"container\" data-settings=\"{&quot;background_background&quot;:&quot;classic&quot;}\">\n\t\t<div class=\"elementor-element elementor-element-e3e8448 e-con-full e-flex wpr-particle-no wpr-jarallax-no wpr-parallax-no wpr-sticky-section-no e-con e-child\" data-id=\"e3e8448\" data-element_type=\"container\" data-settings=\"{&quot;background_background&quot;:&quot;classic&quot;}\">\n\t\t\t\t<\/div>\n\t\t\t\t<\/div>\n\t\t<div class=\"elementor-element elementor-element-37fa972 e-flex e-con-boxed wpr-particle-no wpr-jarallax-no wpr-parallax-no wpr-sticky-section-no e-con e-parent\" data-id=\"37fa972\" data-element_type=\"container\" data-settings=\"{&quot;background_background&quot;:&quot;classic&quot;}\">\n\t\t\t\t\t<div class=\"e-con-inner\">\n\t\t<div class=\"elementor-element elementor-element-5bc2c00 e-con-full e-flex wpr-particle-no wpr-jarallax-no wpr-parallax-no wpr-sticky-section-no e-con e-child\" data-id=\"5bc2c00\" data-element_type=\"container\">\n\t\t<div class=\"elementor-element elementor-element-1ef3374 e-con-full e-flex wpr-particle-no wpr-jarallax-no wpr-parallax-no wpr-sticky-section-no e-con e-child\" data-id=\"1ef3374\" data-element_type=\"container\">\n\t\t\t\t<div class=\"elementor-element elementor-element-eb2ca95 elementor-widget__width-initial elementor-widget-mobile__width-initial elementor-widget elementor-widget-text-editor\" data-id=\"eb2ca95\" data-element_type=\"widget\" data-widget_type=\"text-editor.default\">\n\t\t\t\t<div class=\"elementor-widget-container\">\n\t\t\t\t\t\t\t<p>N\u00e9e aux \u00c9tats-Unis, Abby Neuberger a commenc\u00e9 la gymnastique d\u00e8s son plus jeune \u00e2ge et a continu\u00e9 jusqu'\u00e0 son d\u00e9part en Europe \u00e0 18 ans pour poursuivre sa formation acrobatique \u00e0 l\u2019\u00e9cole de cirque <a href=\"https:\/\/flicscuolacirco.it\/\" target=\"_blank\" class=\"bbu13k19\">FLIC<\/a> \u00e0 Turin, en Italie. &nbsp;<br><br>Luca Bernini, jongleur et artiste de rue accompli, int\u00e8gre la FLIC la m\u00eame ann\u00e9e. Peu apr\u00e8s leur rencontre, Abby et Luca commencent \u00e0 travailler en duo de port\u00e9s acrobatiques, et d\u00e9veloppent un vocabulaire qui associe le th\u00e9\u00e2tre gestuel \u00e0 leur discipline circassienne. <br><br>En 2014, ils entrent comme duo de main-\u00e0-main \u00e0 <a href=\"https:\/\/www.academie-fratellini.com\/\" target=\"_blank\" class=\"p1exf578\">L'Acad\u00e9mie Fratellini (Saint-Denis)<\/a> o\u00f9 ils rencontrent leur complice acrobate Alo\u00efs Rich\u00e9, puis Cl\u00e9lia de Biasi, qui y travaille en tant que charg\u00e9e de production. &nbsp;<br><br>C'est \u00e0 cette \u00e9poque qu'Abby et Luca commencent \u00e0 r\u00eaver de poursuivre le travail ensemble apr\u00e8s l'\u00e9cole, et s\u2019affirment dans un univers artistique qui allie leurs techniques de port\u00e9s et de jeu dans une \u00e9criture dramaturgique fantaisiste et humoristique. <br><br>En 2018, Abby et Luca s'associent \u00e0 Ma\u00efwenn Cozic, technicienne et soudeuse, pour concevoir et cr\u00e9er leur premier spectacle, Compost. En 2020, Alo\u00efs les rejoint dans Compost en tant que technicien artistique et acrobate du spectacle. <br><br>En 2020, Alo\u00efs les rejoint dans Compost en tant que technicien artistique et acrobate du spectacle. En 2022, la compagnie voit le jour avec la complicit\u00e9 de Cl\u00e9lia pour poursuivre les tourn\u00e9es et cr\u00e9er de nouveaux projets. C\u2019est avec Underfoot, cr\u00e9\u00e9 en 2024, que Cat les rejoint comme r\u00e9gisseuse et constructrice.<br><br>Depuis, l\u2019\u00e9quipe vit le cirque sur les routes d\u2019Europe, au gr\u00e9 des nouvelles aventures de Keep Company...<\/p>\t\t\t\t\t\t<\/div>\n\t\t\t\t<\/div>\n\t\t<div class=\"elementor-element elementor-element-323e7d8 e-con-full e-flex wpr-particle-no wpr-jarallax-no wpr-parallax-no wpr-sticky-section-no e-con e-child\" data-id=\"323e7d8\" data-element_type=\"container\">\n\t\t\t\t<div class=\"elementor-element elementor-element-9a536ad zoomout elementor-widget elementor-widget-image\" data-id=\"9a536ad\" data-element_type=\"widget\" data-widget_type=\"image.default\">\n\t\t\t\t<div class=\"elementor-widget-container\">\n\t\t\t\t\t\t\t\t\t\t\t\t\t<img fetchpriority=\"high\" decoding=\"async\" width=\"1000\" height=\"818\" src=\"https:\/\/www.keepcompany.fr\/wp-content\/uploads\/2024\/09\/GROUP-PIC.jpg\" class=\"attachment-large size-large wp-image-540\" alt=\"\" srcset=\"https:\/\/www.keepcompany.fr\/wp-content\/uploads\/2024\/09\/GROUP-PIC.jpg 1000w, https:\/\/www.keepcompany.fr\/wp-content\/uploads\/2024\/09\/GROUP-PIC-300x245.jpg 300w, https:\/\/www.keepcompany.fr\/wp-content\/uploads\/2024\/09\/GROUP-PIC-768x628.jpg 768w, https:\/\/www.keepcompany.fr\/wp-content\/uploads\/2024\/09\/GROUP-PIC-15x12.jpg 15w\" sizes=\"(max-width: 1000px) 100vw, 1000px\" \/>\t\t\t\t\t\t\t\t\t\t\t\t\t<\/div>\n\t\t\t\t<\/div>\n\t\t\t\t<\/div>\n\t\t\t\t<\/div>\n\t\t\t\t<\/div>\n\t\t\t\t\t<\/div>\n\t\t\t\t<\/div>\n\t\t\t\t<\/div>","protected":false},"excerpt":{"rendered":"<p>keep company is aBby luca &amp; Alo\u00efs Born in the United States, Abby Neuberger began gymnastics at a young age and continued until leaving home at the age of 18 for FLIC Circus school in Turin, Italy. &nbsp; Luca Bernini, an accomplished juggler and street artist, was also accepted at FLIC the same year. Shortly after meeting, Abby and Luca began to partner in acrobatics and incorporate theatre into their circus discipline. The acrobatic duo was accepted at L\u2019Academie Fratellini in 2014 where they met fellow acrobat Alo\u00efs Riche and became instant collaborators and friends. &nbsp; Around this time Abby and Luca began dreaming about continuing their work together after school with a focus on combining circus arts with physical theater. In 2018 Abby and Luca joined forces with Ma\u00efwenn Cozic, technician and welder, to design and create their first show, Compost. In 2020, Alo\u00efs joined them in their adventure as an artistic technician and acrobat for the show. Ever since, the three have been on the road traveling Europe and living circus. Stay tuned for Keep Company\u2019s next adventure\u2026<\/p>","protected":false},"author":1,"featured_media":0,"parent":0,"menu_order":0,"comment_status":"closed","ping_status":"closed","template":"elementor_header_footer","meta":{"inline_featured_image":false,"footnotes":""},"class_list":["post-195","page","type-page","status-publish","hentry","entry"],"yoast_head":"<!-- This site is optimized with the Yoast SEO plugin v23.6 - https:\/\/yoast.com\/wordpress\/plugins\/seo\/ -->\n<title>About - Keep Company Circus<\/title>\n<meta name=\"description\" content=\"Learn about Keep Company story and team.\" \/>\n<meta name=\"robots\" content=\"index, follow, max-snippet:-1, max-image-preview:large, max-video-preview:-1\" \/>\n<link rel=\"canonical\" href=\"https:\/\/www.keepcompany.fr\/fr\/about\/\" \/>\n<meta property=\"og:locale\" content=\"fr_FR\" \/>\n<meta property=\"og:type\" content=\"article\" \/>\n<meta property=\"og:title\" content=\"About - Keep Company Circus\" \/>\n<meta property=\"og:description\" content=\"Learn about Keep Company story and team.\" \/>\n<meta property=\"og:url\" content=\"https:\/\/www.keepcompany.fr\/fr\/about\/\" \/>\n<meta property=\"og:site_name\" content=\"Keep Company Circus\" \/>\n<meta property=\"article:modified_time\" content=\"2024-11-12T06:46:39+00:00\" \/>\n<meta property=\"og:image\" content=\"https:\/\/cdn.prod.website-files.com\/61f04083cbd4a44554bd16cd\/61f97922638df336afccc3a3_about-aby.jpg\" \/>\n<meta name=\"twitter:card\" content=\"summary_large_image\" \/>\n<meta name=\"twitter:label1\" content=\"Dur\u00e9e de lecture estim\u00e9e\" \/>\n\t<meta name=\"twitter:data1\" content=\"2 minutes\" \/>\n<script type=\"application\/ld+json\" class=\"yoast-schema-graph\">{\"@context\":\"https:\/\/schema.org\",\"@graph\":[{\"@type\":\"WebPage\",\"@id\":\"https:\/\/www.keepcompany.fr\/about\/\",\"url\":\"https:\/\/www.keepcompany.fr\/about\/\",\"name\":\"About - Keep Company Circus\",\"isPartOf\":{\"@id\":\"https:\/\/www.keepcompany.fr\/#website\"},\"primaryImageOfPage\":{\"@id\":\"https:\/\/www.keepcompany.fr\/about\/#primaryimage\"},\"image\":{\"@id\":\"https:\/\/www.keepcompany.fr\/about\/#primaryimage\"},\"thumbnailUrl\":\"https:\/\/cdn.prod.website-files.com\/61f04083cbd4a44554bd16cd\/61f97922638df336afccc3a3_about-aby.jpg\",\"datePublished\":\"2024-09-03T18:10:40+00:00\",\"dateModified\":\"2024-11-12T06:46:39+00:00\",\"description\":\"Learn about Keep Company story and team.\",\"breadcrumb\":{\"@id\":\"https:\/\/www.keepcompany.fr\/about\/#breadcrumb\"},\"inLanguage\":\"fr-FR\",\"potentialAction\":[{\"@type\":\"ReadAction\",\"target\":[\"https:\/\/www.keepcompany.fr\/about\/\"]}]},{\"@type\":\"ImageObject\",\"inLanguage\":\"fr-FR\",\"@id\":\"https:\/\/www.keepcompany.fr\/about\/#primaryimage\",\"url\":\"https:\/\/cdn.prod.website-files.com\/61f04083cbd4a44554bd16cd\/61f97922638df336afccc3a3_about-aby.jpg\",\"contentUrl\":\"https:\/\/cdn.prod.website-files.com\/61f04083cbd4a44554bd16cd\/61f97922638df336afccc3a3_about-aby.jpg\"},{\"@type\":\"BreadcrumbList\",\"@id\":\"https:\/\/www.keepcompany.fr\/about\/#breadcrumb\",\"itemListElement\":[{\"@type\":\"ListItem\",\"position\":1,\"name\":\"Home\",\"item\":\"https:\/\/www.keepcompany.fr\/\"},{\"@type\":\"ListItem\",\"position\":2,\"name\":\"About\"}]},{\"@type\":\"WebSite\",\"@id\":\"https:\/\/www.keepcompany.fr\/#website\",\"url\":\"https:\/\/www.keepcompany.fr\/\",\"name\":\"Keep Company Circus\",\"description\":\"\",\"publisher\":{\"@id\":\"https:\/\/www.keepcompany.fr\/#organization\"},\"potentialAction\":[{\"@type\":\"SearchAction\",\"target\":{\"@type\":\"EntryPoint\",\"urlTemplate\":\"https:\/\/www.keepcompany.fr\/?s={search_term_string}\"},\"query-input\":{\"@type\":\"PropertyValueSpecification\",\"valueRequired\":true,\"valueName\":\"search_term_string\"}}],\"inLanguage\":\"fr-FR\"},{\"@type\":\"Organization\",\"@id\":\"https:\/\/www.keepcompany.fr\/#organization\",\"name\":\"Keep Company Circus\",\"url\":\"https:\/\/www.keepcompany.fr\/\",\"logo\":{\"@type\":\"ImageObject\",\"inLanguage\":\"fr-FR\",\"@id\":\"https:\/\/www.keepcompany.fr\/#\/schema\/logo\/image\/\",\"url\":\"https:\/\/www.keepcompany.fr\/wp-content\/uploads\/2024\/09\/logo.png\",\"contentUrl\":\"https:\/\/www.keepcompany.fr\/wp-content\/uploads\/2024\/09\/logo.png\",\"width\":156,\"height\":40,\"caption\":\"Keep Company Circus\"},\"image\":{\"@id\":\"https:\/\/www.keepcompany.fr\/#\/schema\/logo\/image\/\"}}]}<\/script>\n<!-- \/ Yoast SEO plugin. -->","yoast_head_json":{"title":"About - Keep Company Circus","description":"Learn about Keep Company story and team.","robots":{"index":"index","follow":"follow","max-snippet":"max-snippet:-1","max-image-preview":"max-image-preview:large","max-video-preview":"max-video-preview:-1"},"canonical":"https:\/\/www.keepcompany.fr\/fr\/about\/","og_locale":"fr_FR","og_type":"article","og_title":"About - Keep Company Circus","og_description":"Learn about Keep Company story and team.","og_url":"https:\/\/www.keepcompany.fr\/fr\/about\/","og_site_name":"Keep Company Circus","article_modified_time":"2024-11-12T06:46:39+00:00","og_image":[{"url":"https:\/\/cdn.prod.website-files.com\/61f04083cbd4a44554bd16cd\/61f97922638df336afccc3a3_about-aby.jpg"}],"twitter_card":"summary_large_image","twitter_misc":{"Dur\u00e9e de lecture estim\u00e9e":"2 minutes"},"schema":{"@context":"https:\/\/schema.org","@graph":[{"@type":"WebPage","@id":"https:\/\/www.keepcompany.fr\/about\/","url":"https:\/\/www.keepcompany.fr\/about\/","name":"About - Keep Company Circus","isPartOf":{"@id":"https:\/\/www.keepcompany.fr\/#website"},"primaryImageOfPage":{"@id":"https:\/\/www.keepcompany.fr\/about\/#primaryimage"},"image":{"@id":"https:\/\/www.keepcompany.fr\/about\/#primaryimage"},"thumbnailUrl":"https:\/\/cdn.prod.website-files.com\/61f04083cbd4a44554bd16cd\/61f97922638df336afccc3a3_about-aby.jpg","datePublished":"2024-09-03T18:10:40+00:00","dateModified":"2024-11-12T06:46:39+00:00","description":"Learn about Keep Company story and team.","breadcrumb":{"@id":"https:\/\/www.keepcompany.fr\/about\/#breadcrumb"},"inLanguage":"fr-FR","potentialAction":[{"@type":"ReadAction","target":["https:\/\/www.keepcompany.fr\/about\/"]}]},{"@type":"ImageObject","inLanguage":"fr-FR","@id":"https:\/\/www.keepcompany.fr\/about\/#primaryimage","url":"https:\/\/cdn.prod.website-files.com\/61f04083cbd4a44554bd16cd\/61f97922638df336afccc3a3_about-aby.jpg","contentUrl":"https:\/\/cdn.prod.website-files.com\/61f04083cbd4a44554bd16cd\/61f97922638df336afccc3a3_about-aby.jpg"},{"@type":"BreadcrumbList","@id":"https:\/\/www.keepcompany.fr\/about\/#breadcrumb","itemListElement":[{"@type":"ListItem","position":1,"name":"Home","item":"https:\/\/www.keepcompany.fr\/"},{"@type":"ListItem","position":2,"name":"About"}]},{"@type":"WebSite","@id":"https:\/\/www.keepcompany.fr\/#website","url":"https:\/\/www.keepcompany.fr\/","name":"Keep Company Circus","description":"","publisher":{"@id":"https:\/\/www.keepcompany.fr\/#organization"},"potentialAction":[{"@type":"SearchAction","target":{"@type":"EntryPoint","urlTemplate":"https:\/\/www.keepcompany.fr\/?s={search_term_string}"},"query-input":{"@type":"PropertyValueSpecification","valueRequired":true,"valueName":"search_term_string"}}],"inLanguage":"fr-FR"},{"@type":"Organization","@id":"https:\/\/www.keepcompany.fr\/#organization","name":"Keep Company Circus","url":"https:\/\/www.keepcompany.fr\/","logo":{"@type":"ImageObject","inLanguage":"fr-FR","@id":"https:\/\/www.keepcompany.fr\/#\/schema\/logo\/image\/","url":"https:\/\/www.keepcompany.fr\/wp-content\/uploads\/2024\/09\/logo.png","contentUrl":"https:\/\/www.keepcompany.fr\/wp-content\/uploads\/2024\/09\/logo.png","width":156,"height":40,"caption":"Keep Company Circus"},"image":{"@id":"https:\/\/www.keepcompany.fr\/#\/schema\/logo\/image\/"}}]}},"_links":{"self":[{"href":"https:\/\/www.keepcompany.fr\/fr\/wp-json\/wp\/v2\/pages\/195","targetHints":{"allow":["GET"]}}],"collection":[{"href":"https:\/\/www.keepcompany.fr\/fr\/wp-json\/wp\/v2\/pages"}],"about":[{"href":"https:\/\/www.keepcompany.fr\/fr\/wp-json\/wp\/v2\/types\/page"}],"author":[{"embeddable":true,"href":"https:\/\/www.keepcompany.fr\/fr\/wp-json\/wp\/v2\/users\/1"}],"replies":[{"embeddable":true,"href":"https:\/\/www.keepcompany.fr\/fr\/wp-json\/wp\/v2\/comments?post=195"}],"version-history":[{"count":121,"href":"https:\/\/www.keepcompany.fr\/fr\/wp-json\/wp\/v2\/pages\/195\/revisions"}],"predecessor-version":[{"id":3565,"href":"https:\/\/www.keepcompany.fr\/fr\/wp-json\/wp\/v2\/pages\/195\/revisions\/3565"}],"wp:attachment":[{"href":"https:\/\/www.keepcompany.fr\/fr\/wp-json\/wp\/v2\/media?parent=195"}],"curies":[{"name":"wp","href":"https:\/\/api.w.org\/{rel}","templated":true}]}}