{"id":2435,"date":"2024-09-25T17:08:26","date_gmt":"2024-09-25T17:08:26","guid":{"rendered":"https:\/\/keepcompany.design-impacts.com\/?page_id=2435"},"modified":"2024-11-12T06:42:44","modified_gmt":"2024-11-12T06:42:44","slug":"mentions-legales","status":"publish","type":"page","link":"https:\/\/www.keepcompany.fr\/fr\/mentions-legales\/","title":{"rendered":"Mentions l\u00e9gales"},"content":{"rendered":"<div data-elementor-type=\"wp-page\" data-elementor-id=\"2435\" class=\"elementor elementor-2435\">\n\t\t\t\t<div class=\"elementor-element elementor-element-85c94aa e-flex e-con-boxed wpr-particle-no wpr-jarallax-no wpr-parallax-no wpr-sticky-section-no e-con e-parent\" data-id=\"85c94aa\" data-element_type=\"container\" data-settings=\"{&quot;background_background&quot;:&quot;classic&quot;}\">\n\t\t\t\t\t<div class=\"e-con-inner\">\n\t\t\t\t<div class=\"elementor-element elementor-element-6e66377 elementor-widget__width-initial elementor-widget elementor-widget-heading\" data-id=\"6e66377\" data-element_type=\"widget\" data-widget_type=\"heading.default\">\n\t\t\t\t<div class=\"elementor-widget-container\">\n\t\t\t<h1 class=\"elementor-heading-title elementor-size-default\">Mentions l\u00e9gales <br>PROTECTION DES DONNEES PERSONNELLES<\/h1>\t\t<\/div>\n\t\t\t\t<\/div>\n\t\t\t\t<div class=\"elementor-element elementor-element-77930d0 elementor-widget__width-initial elementor-widget-mobile__width-initial custombutton elementor-widget elementor-widget-button\" data-id=\"77930d0\" data-element_type=\"widget\" data-widget_type=\"button.default\">\n\t\t\t\t<div class=\"elementor-widget-container\">\n\t\t\t\t\t<div class=\"elementor-button-wrapper\">\n\t\t\t<a class=\"elementor-button elementor-button-link elementor-size-sm\" href=\"#\">\n\t\t\t\t\t\t<span class=\"elementor-button-content-wrapper\">\n\t\t\t\t\t\t\t\t\t<span class=\"elementor-button-text\">Retour \u00e0 l'accueil<\/span>\n\t\t\t\t\t<\/span>\n\t\t\t\t\t<\/a>\n\t\t<\/div>\n\t\t\t\t<\/div>\n\t\t\t\t<\/div>\n\t\t\t\t\t<\/div>\n\t\t\t\t<\/div>\n\t\t<div class=\"elementor-element elementor-element-4da9976 e-con-full e-flex wpr-particle-no wpr-jarallax-no wpr-parallax-no wpr-sticky-section-no e-con e-parent\" data-id=\"4da9976\" data-element_type=\"container\" data-settings=\"{&quot;background_background&quot;:&quot;classic&quot;}\">\n\t\t\t\t<\/div>\n\t\t<div class=\"elementor-element elementor-element-5a57ab7 e-flex e-con-boxed wpr-particle-no wpr-jarallax-no wpr-parallax-no wpr-sticky-section-no e-con e-parent\" data-id=\"5a57ab7\" data-element_type=\"container\">\n\t\t\t\t\t<div class=\"e-con-inner\">\n\t\t\t\t\t<\/div>\n\t\t\t\t<\/div>\n\t\t<div class=\"elementor-element elementor-element-8f330b3 e-flex e-con-boxed wpr-particle-no wpr-jarallax-no wpr-parallax-no wpr-sticky-section-no e-con e-parent\" data-id=\"8f330b3\" data-element_type=\"container\" data-settings=\"{&quot;background_background&quot;:&quot;classic&quot;}\">\n\t\t\t\t\t<div class=\"e-con-inner\">\n\t\t\t\t<div class=\"elementor-element elementor-element-8624a8b elementor-widget__width-initial elementor-widget elementor-widget-heading\" data-id=\"8624a8b\" data-element_type=\"widget\" data-widget_type=\"heading.default\">\n\t\t\t\t<div class=\"elementor-widget-container\">\n\t\t\t<h1 class=\"elementor-heading-title elementor-size-default\">Mentions l\u00e9gales<\/h1>\t\t<\/div>\n\t\t\t\t<\/div>\n\t\t\t\t\t<\/div>\n\t\t\t\t<\/div>\n\t\t<div class=\"elementor-element elementor-element-d6010f5 e-flex e-con-boxed wpr-particle-no wpr-jarallax-no wpr-parallax-no wpr-sticky-section-no e-con e-parent\" data-id=\"d6010f5\" data-element_type=\"container\" data-settings=\"{&quot;background_background&quot;:&quot;classic&quot;}\">\n\t\t\t\t\t<div class=\"e-con-inner\">\n\t\t\t\t<div class=\"elementor-element elementor-element-81f3c8f elementor-widget elementor-widget-text-editor\" data-id=\"81f3c8f\" data-element_type=\"widget\" data-widget_type=\"text-editor.default\">\n\t\t\t\t<div class=\"elementor-widget-container\">\n\t\t\t\t\t\t\t<div><p><span style=\"text-decoration: underline;\"><span style=\"font-family: grotesk-regular; font-size: 21px;\"><strong>Cr\u00e9dits photographiques et vid\u00e9os<\/strong><\/span><\/span><br \/><span style=\"font-family: grotesk-regular; font-size: 21px;\">L\u2019ensemble de ce site rel\u00e8ve de la l\u00e9gislation fran\u00e7aise sur le droit d\u2019auteur et la propri\u00e9t\u00e9 intellectuelle.<\/span><br \/><span style=\"font-family: grotesk-regular; font-size: 21px;\">Tous les droits de reproduction sont r\u00e9serv\u00e9s, y compris \u00e0 l\u2019\u00e9gard des documents t\u00e9l\u00e9chargeables et des repr\u00e9sentations photographiques.<\/span><br \/><span style=\"font-family: grotesk-regular; font-size: 21px;\">Toute reproduction \u2013 m\u00eame partielle et quel qu\u2019en soit le format ou le support \u2013 de ce site est strictement interdite sans autorisation \u00e9crite pr\u00e9alable.<\/span><br \/><span style=\"font-family: grotesk-regular; font-size: 21px;\">Toute reproduction, m\u00eame partielle, sera en tout \u00e9tat de cause soumise \u00e0 l\u2019obligation de faire appara\u00eetre la mention claire et lisible de l\u2019adresse internet du site de Keep Company\u00a0: <a href=\"https:\/\/www.keepcompany.fr\/fr\/\" target=\"_new\" rel=\"noopener\">www.keepcompany.fr<\/a>suivie de la mention \u00a0\u00ab droits r\u00e9serv\u00e9s \u00bb .<\/span><br \/><span style=\"font-family: grotesk-regular; font-size: 21px;\">Les cr\u00e9dits photographiques et vid\u00e9os sont indiqu\u00e9s respectivement sur chaque photo ou vid\u00e9o.<\/span><br \/><span style=\"font-family: grotesk-regular; font-size: 21px;\">Pour plus d\u2019information contactez-nous.\n\u200b<\/span><\/p><p><span style=\"text-decoration: underline;\"><span style=\"font-family: grotesk-regular; font-size: 21px;\"><strong>Informations \u00e9diteur<\/strong><\/span><\/span><br \/><span style=\"font-family: grotesk-regular; font-size: 21px;\">\u00a9 Keep Company<\/span><\/p><p><span style=\"font-family: grotesk-regular; font-size: 21px;\">SIRET 903 806 420 000 19 &#8211; APE 9001Z<\/span><br \/><span style=\"font-family: grotesk-regular; font-size: 21px;\">License 2 PLATESVD-2021-007236<\/span><br \/><span style=\"font-family: grotesk-regular; font-size: 21px;\">Intra-community VAT number FR00903806420<\/span><\/p><p><span style=\"font-family: grotesk-regular; font-size: 21px;\"><span style=\"text-decoration: underline;\"><strong>Design et conception graphique\u00a0:<\/strong>:<\/span> Mattia<\/span><\/p><p><span style=\"font-family: grotesk-regular; font-size: 21px;\"><span style=\"text-decoration: underline;\"><strong>D\u00e9veloppement\u00a0WordPress :<\/strong>:<\/span> Design-Impacts<\/span><\/p><\/div><div><p>\u00a0<\/p><\/div>\t\t\t\t\t\t<\/div>\n\t\t\t\t<\/div>\n\t\t\t\t<div class=\"elementor-element elementor-element-c0a6505 elementor-widget__width-initial elementor-widget elementor-widget-heading\" data-id=\"c0a6505\" data-element_type=\"widget\" data-widget_type=\"heading.default\">\n\t\t\t\t<div class=\"elementor-widget-container\">\n\t\t\t<h1 class=\"elementor-heading-title elementor-size-default\">PROTECTION DES DONNEES PERSONNELLES<\/h1>\t\t<\/div>\n\t\t\t\t<\/div>\n\t\t\t\t\t<\/div>\n\t\t\t\t<\/div>\n\t\t<div class=\"elementor-element elementor-element-40e6db9 e-flex e-con-boxed wpr-particle-no wpr-jarallax-no wpr-parallax-no wpr-sticky-section-no e-con e-parent\" data-id=\"40e6db9\" data-element_type=\"container\">\n\t\t\t\t\t<div class=\"e-con-inner\">\n\t\t\t\t<div class=\"elementor-element elementor-element-1a99dd1 elementor-widget elementor-widget-text-editor\" data-id=\"1a99dd1\" data-element_type=\"widget\" data-widget_type=\"text-editor.default\">\n\t\t\t\t<div class=\"elementor-widget-container\">\n\t\t\t\t\t\t\t<div><p><span style=\"font-family: grotesk-regular; font-size: 21px;\"><strong>Port\u00e9e des informations<\/strong><\/span><br \/><span style=\"font-family: grotesk-regular; font-size: 21px;\">Les donn\u00e9es mises en ligne sur le site internet de Keep Company n\u2019ont d\u2019autre vis\u00e9e que d\u2019ouvrir au plus large public l\u2019information sur son histoire, son organisation et ses activit\u00e9s.<\/span><\/p><p><span style=\"font-family: grotesk-regular; font-size: 21px;\"><strong>Responsabilit\u00e9<\/strong><\/span><br \/><span style=\"font-family: grotesk-regular; font-size: 21px;\">La responsabilit\u00e9 de Keep Company ne saurait \u00eatre retenue en cas de pr\u00e9judice direct ou indirect (notamment tout pr\u00e9judice financier, commercial, perte de programmes ou de donn\u00e9es) r\u00e9sultant de l\u2019usage de son site et de l\u2019utilisation des donn\u00e9es et informations qui y sont mises en ligne.<\/span><br \/><span style=\"font-family: grotesk-regular; font-size: 21px;\">En particulier, Keep Company d\u00e9cline toute responsabilit\u00e9 \u00e0 l\u2019\u00e9gard de tout dommage li\u00e9 \u00e0 l\u2019utilisation des liens hypertextes mis en ligne sur son site et \u00e0 la consultation des sites auxquels ils renvoient. Il est express\u00e9ment rappel\u00e9 Keep Company n\u2019a aucun contr\u00f4le ni aucune responsabilit\u00e9 sur le contenu de ces sites.<\/span><\/p><p><span style=\"font-family: grotesk-regular; font-size: 21px;\"><strong>Protection des donn\u00e9es personnelles \u2022 Liste de diffusion<\/strong><\/span><br \/><span style=\"font-family: grotesk-regular; font-size: 21px;\">Les listes de diffusion de Keep Company sont confidentielles. Si votre courriel y figure, il ne sera en aucun cas communiqu\u00e9 \u00e0 des tiers.<\/span><br \/><span style=\"font-family: grotesk-regular; font-size: 21px;\">Vous avez, \u00e0 tout moment, la possibilit\u00e9 de modifier votre courriel ou de le d\u00e9sactiver, si vous souhaitez ne plus figurer dans ce fichier.<\/span><br \/><span style=\"font-family: grotesk-regular; font-size: 21px;\">Il vous suffit d\u2019adresser votre demande par mail.<\/span><\/p><\/div><div><p>\u00a0<\/p><\/div>\t\t\t\t\t\t<\/div>\n\t\t\t\t<\/div>\n\t\t\t\t\t<\/div>\n\t\t\t\t<\/div>\n\t\t\t\t<\/div>","protected":false},"excerpt":{"rendered":"<p>LEGAL NOTICE PROTECTION OF PERSONAL DATA Homepage LEGAL NOTICE Photographic and Video CreditsThe entire content of this site is subject to French copyright and intellectual property law.All reproduction rights are reserved, including for downloadable documents and photographic representations.Any reproduction, even partial and regardless of the format or medium, of this site is strictly prohibited without prior written authorization.Any reproduction, even partial, will in any case be subject to the obligation to clearly and legibly display the website address of Keep Company: www.keepcompany.fr, followed by the mention &#8220;all rights reserved.&#8221;Photographic and video credits are indicated respectively on each photo or video.For more information, contact us. Publisher Information\u00a9 Keep Company SIRET 903 806 420 000 19 &#8211; APE 9001ZLicense 2 PLATESVD-2021-007236Intra-community VAT number FR00903806420 Design and Graphic Conception: Mattia WordPress Development: Design-Impacts \u00a0 PROTECTION OF PERSONAL DATA Scope of InformationThe data made available on Keep Company\u2019s website is solely intended to provide the widest possible public with information about its history, organization, and activities. LiabilityKeep Company shall not be held liable for any direct or indirect damage (including any financial, commercial, or data loss) resulting from the use of its website and the information made available online.In particular, Keep Company declines all responsibility for any damage related to the use of hyperlinks available on its site and the consultation of the sites to which they refer. It is expressly stated that Keep Company has no control over or responsibility for the content of these sites. Protection of Personal Data \u2022 Mailing ListKeep Company\u2019s mailing lists are confidential. If your email is included, it will not be shared with third parties under any circumstances.You may, at any time, modify your email or deactivate it if you no longer wish to be part of this file.Simply send your request by email. \u00a0<\/p>","protected":false},"author":1,"featured_media":0,"parent":0,"menu_order":0,"comment_status":"closed","ping_status":"closed","template":"elementor_header_footer","meta":{"inline_featured_image":false,"footnotes":""},"class_list":["post-2435","page","type-page","status-publish","hentry","entry"],"yoast_head":"<!-- This site is optimized with the Yoast SEO plugin v23.6 - https:\/\/yoast.com\/wordpress\/plugins\/seo\/ -->\n<title>Mentions l\u00e9gales - Keep Company Circus<\/title>\n<meta name=\"description\" content=\"Learn about shows, performances and dates from Keep Company.\" \/>\n<meta name=\"robots\" content=\"index, follow, max-snippet:-1, max-image-preview:large, max-video-preview:-1\" \/>\n<link rel=\"canonical\" href=\"https:\/\/www.keepcompany.fr\/fr\/mentions-legales\/\" \/>\n<meta property=\"og:locale\" content=\"fr_FR\" \/>\n<meta property=\"og:type\" content=\"article\" \/>\n<meta property=\"og:title\" content=\"Mentions l\u00e9gales - Keep Company Circus\" \/>\n<meta property=\"og:description\" content=\"Learn about shows, performances and dates from Keep Company.\" \/>\n<meta property=\"og:url\" content=\"https:\/\/www.keepcompany.fr\/fr\/mentions-legales\/\" \/>\n<meta property=\"og:site_name\" content=\"Keep Company Circus\" \/>\n<meta property=\"article:modified_time\" content=\"2024-11-12T06:42:44+00:00\" \/>\n<meta name=\"twitter:card\" content=\"summary_large_image\" \/>\n<meta name=\"twitter:label1\" content=\"Dur\u00e9e de lecture estim\u00e9e\" \/>\n\t<meta name=\"twitter:data1\" content=\"2 minutes\" \/>\n<script type=\"application\/ld+json\" class=\"yoast-schema-graph\">{\"@context\":\"https:\/\/schema.org\",\"@graph\":[{\"@type\":\"WebPage\",\"@id\":\"https:\/\/www.keepcompany.fr\/mentions-legales\/\",\"url\":\"https:\/\/www.keepcompany.fr\/mentions-legales\/\",\"name\":\"Mentions l\u00e9gales - Keep Company Circus\",\"isPartOf\":{\"@id\":\"https:\/\/www.keepcompany.fr\/#website\"},\"datePublished\":\"2024-09-25T17:08:26+00:00\",\"dateModified\":\"2024-11-12T06:42:44+00:00\",\"description\":\"Learn about shows, performances and dates from Keep Company.\",\"breadcrumb\":{\"@id\":\"https:\/\/www.keepcompany.fr\/mentions-legales\/#breadcrumb\"},\"inLanguage\":\"fr-FR\",\"potentialAction\":[{\"@type\":\"ReadAction\",\"target\":[\"https:\/\/www.keepcompany.fr\/mentions-legales\/\"]}]},{\"@type\":\"BreadcrumbList\",\"@id\":\"https:\/\/www.keepcompany.fr\/mentions-legales\/#breadcrumb\",\"itemListElement\":[{\"@type\":\"ListItem\",\"position\":1,\"name\":\"Home\",\"item\":\"https:\/\/www.keepcompany.fr\/\"},{\"@type\":\"ListItem\",\"position\":2,\"name\":\"Mentions l\u00e9gales\"}]},{\"@type\":\"WebSite\",\"@id\":\"https:\/\/www.keepcompany.fr\/#website\",\"url\":\"https:\/\/www.keepcompany.fr\/\",\"name\":\"Keep Company Circus\",\"description\":\"\",\"publisher\":{\"@id\":\"https:\/\/www.keepcompany.fr\/#organization\"},\"potentialAction\":[{\"@type\":\"SearchAction\",\"target\":{\"@type\":\"EntryPoint\",\"urlTemplate\":\"https:\/\/www.keepcompany.fr\/?s={search_term_string}\"},\"query-input\":{\"@type\":\"PropertyValueSpecification\",\"valueRequired\":true,\"valueName\":\"search_term_string\"}}],\"inLanguage\":\"fr-FR\"},{\"@type\":\"Organization\",\"@id\":\"https:\/\/www.keepcompany.fr\/#organization\",\"name\":\"Keep Company Circus\",\"url\":\"https:\/\/www.keepcompany.fr\/\",\"logo\":{\"@type\":\"ImageObject\",\"inLanguage\":\"fr-FR\",\"@id\":\"https:\/\/www.keepcompany.fr\/#\/schema\/logo\/image\/\",\"url\":\"https:\/\/www.keepcompany.fr\/wp-content\/uploads\/2024\/09\/logo.png\",\"contentUrl\":\"https:\/\/www.keepcompany.fr\/wp-content\/uploads\/2024\/09\/logo.png\",\"width\":156,\"height\":40,\"caption\":\"Keep Company Circus\"},\"image\":{\"@id\":\"https:\/\/www.keepcompany.fr\/#\/schema\/logo\/image\/\"}}]}<\/script>\n<!-- \/ Yoast SEO plugin. -->","yoast_head_json":{"title":"Mentions l\u00e9gales - Keep Company Circus","description":"Learn about shows, performances and dates from Keep Company.","robots":{"index":"index","follow":"follow","max-snippet":"max-snippet:-1","max-image-preview":"max-image-preview:large","max-video-preview":"max-video-preview:-1"},"canonical":"https:\/\/www.keepcompany.fr\/fr\/mentions-legales\/","og_locale":"fr_FR","og_type":"article","og_title":"Mentions l\u00e9gales - Keep Company Circus","og_description":"Learn about shows, performances and dates from Keep Company.","og_url":"https:\/\/www.keepcompany.fr\/fr\/mentions-legales\/","og_site_name":"Keep Company Circus","article_modified_time":"2024-11-12T06:42:44+00:00","twitter_card":"summary_large_image","twitter_misc":{"Dur\u00e9e de lecture estim\u00e9e":"2 minutes"},"schema":{"@context":"https:\/\/schema.org","@graph":[{"@type":"WebPage","@id":"https:\/\/www.keepcompany.fr\/mentions-legales\/","url":"https:\/\/www.keepcompany.fr\/mentions-legales\/","name":"Mentions l\u00e9gales - Keep Company Circus","isPartOf":{"@id":"https:\/\/www.keepcompany.fr\/#website"},"datePublished":"2024-09-25T17:08:26+00:00","dateModified":"2024-11-12T06:42:44+00:00","description":"Learn about shows, performances and dates from Keep Company.","breadcrumb":{"@id":"https:\/\/www.keepcompany.fr\/mentions-legales\/#breadcrumb"},"inLanguage":"fr-FR","potentialAction":[{"@type":"ReadAction","target":["https:\/\/www.keepcompany.fr\/mentions-legales\/"]}]},{"@type":"BreadcrumbList","@id":"https:\/\/www.keepcompany.fr\/mentions-legales\/#breadcrumb","itemListElement":[{"@type":"ListItem","position":1,"name":"Home","item":"https:\/\/www.keepcompany.fr\/"},{"@type":"ListItem","position":2,"name":"Mentions l\u00e9gales"}]},{"@type":"WebSite","@id":"https:\/\/www.keepcompany.fr\/#website","url":"https:\/\/www.keepcompany.fr\/","name":"Keep Company Circus","description":"","publisher":{"@id":"https:\/\/www.keepcompany.fr\/#organization"},"potentialAction":[{"@type":"SearchAction","target":{"@type":"EntryPoint","urlTemplate":"https:\/\/www.keepcompany.fr\/?s={search_term_string}"},"query-input":{"@type":"PropertyValueSpecification","valueRequired":true,"valueName":"search_term_string"}}],"inLanguage":"fr-FR"},{"@type":"Organization","@id":"https:\/\/www.keepcompany.fr\/#organization","name":"Keep Company Circus","url":"https:\/\/www.keepcompany.fr\/","logo":{"@type":"ImageObject","inLanguage":"fr-FR","@id":"https:\/\/www.keepcompany.fr\/#\/schema\/logo\/image\/","url":"https:\/\/www.keepcompany.fr\/wp-content\/uploads\/2024\/09\/logo.png","contentUrl":"https:\/\/www.keepcompany.fr\/wp-content\/uploads\/2024\/09\/logo.png","width":156,"height":40,"caption":"Keep Company Circus"},"image":{"@id":"https:\/\/www.keepcompany.fr\/#\/schema\/logo\/image\/"}}]}},"_links":{"self":[{"href":"https:\/\/www.keepcompany.fr\/fr\/wp-json\/wp\/v2\/pages\/2435","targetHints":{"allow":["GET"]}}],"collection":[{"href":"https:\/\/www.keepcompany.fr\/fr\/wp-json\/wp\/v2\/pages"}],"about":[{"href":"https:\/\/www.keepcompany.fr\/fr\/wp-json\/wp\/v2\/types\/page"}],"author":[{"embeddable":true,"href":"https:\/\/www.keepcompany.fr\/fr\/wp-json\/wp\/v2\/users\/1"}],"replies":[{"embeddable":true,"href":"https:\/\/www.keepcompany.fr\/fr\/wp-json\/wp\/v2\/comments?post=2435"}],"version-history":[{"count":31,"href":"https:\/\/www.keepcompany.fr\/fr\/wp-json\/wp\/v2\/pages\/2435\/revisions"}],"predecessor-version":[{"id":3559,"href":"https:\/\/www.keepcompany.fr\/fr\/wp-json\/wp\/v2\/pages\/2435\/revisions\/3559"}],"wp:attachment":[{"href":"https:\/\/www.keepcompany.fr\/fr\/wp-json\/wp\/v2\/media?parent=2435"}],"curies":[{"name":"wp","href":"https:\/\/api.w.org\/{rel}","templated":true}]}}